{"id":308,"date":"2020-01-13T11:17:52","date_gmt":"2020-01-13T11:17:52","guid":{"rendered":"https:\/\/demosites.io\/web-agency-gb\/?page_id=5"},"modified":"2023-04-25T03:26:25","modified_gmt":"2023-04-25T03:26:25","slug":"15c42-web-agency-gb-home","status":"publish","type":"page","link":"https:\/\/psimonicaduchini.com.ar\/","title":{"rendered":"Inicio"},"content":{"rendered":"\n<div class=\"wp-block-cover alignfull is-light\" style=\"min-height:763px\"><span aria-hidden=\"true\" class=\"wp-block-cover__background has-background-dim-0 has-background-dim\"><\/span><img decoding=\"async\" loading=\"lazy\" width=\"3126\" height=\"2046\" class=\"wp-block-cover__image-background wp-image-357\" alt=\"\" src=\"http:\/\/psimonicaduchini.com.ar\/wp-content\/uploads\/2023\/04\/moniweb-01.png\" style=\"object-position:73% 60%\" data-object-fit=\"cover\" data-object-position=\"73% 60%\" srcset=\"https:\/\/psimonicaduchini.com.ar\/wp-content\/uploads\/2023\/04\/moniweb-01.png 3126w, https:\/\/psimonicaduchini.com.ar\/wp-content\/uploads\/2023\/04\/moniweb-01-300x196.png 300w, https:\/\/psimonicaduchini.com.ar\/wp-content\/uploads\/2023\/04\/moniweb-01-1024x670.png 1024w, https:\/\/psimonicaduchini.com.ar\/wp-content\/uploads\/2023\/04\/moniweb-01-768x503.png 768w, https:\/\/psimonicaduchini.com.ar\/wp-content\/uploads\/2023\/04\/moniweb-01-1536x1005.png 1536w, https:\/\/psimonicaduchini.com.ar\/wp-content\/uploads\/2023\/04\/moniweb-01-2048x1340.png 2048w\" sizes=\"(max-width: 3126px) 100vw, 3126px\" \/><div class=\"wp-block-cover__inner-container\">\n<h2 class=\"wp-block-heading has-text-align-center has-text-color\" style=\"color:#0c8671;font-style:normal;font-weight:600\">La terapia psi nos mejora <br>la calidad de vida<\/h2>\n\n\n\n<div style=\"height:424px\" aria-hidden=\"true\" class=\"wp-block-spacer\"><\/div>\n\n\n\n<p><\/p>\n<\/div><\/div>\n\n\n\n<div class=\"wp-block-columns is-layout-flex wp-container-3\">\n<div class=\"wp-block-column is-layout-flow\">\n<div style=\"height:65px\" aria-hidden=\"true\" class=\"wp-block-spacer\"><\/div>\n\n\n\n<p class=\"has-nv-c-1-color has-text-color\">Aprender a manejar nuestras emociones permite ir superando, en el tiempo de cada uno, aquellas cuestiones por las que consultamos, como <strong>trastornos de ansiedad<\/strong>, <strong>estr\u00e9s postraum\u00e1ticos<\/strong>,<strong> incertidumbres<\/strong>, inseguridades, depresiones, fobias, y <strong>muchas otras<\/strong> que tanta angustia nos provoca.<br><br>Muchas tienen que ver con <strong>nosotros mismos<\/strong>, y otras que padecemos como <strong>consecuencia de nuestros v\u00ednculos<\/strong>, sean familiares, de pareja, sociales o laborales.<br><br>Tambi\u00e9n hay personas que al no poder manejar sus emociones, generan enfermedades en el cuerpo, como alergias, asma, hipertensi\u00f3n, cardiopat\u00edas, artritis reumatoidea, lupus, enfermedades intestinales variadas, hormonales, dermatol\u00f3gicas, c\u00e1ncer y m\u00e1s\u2026 Al aprender a <strong>identificar sus propias emociones<\/strong>, pueden trabajar sobre ellas, e ir mejorando sobre las enfermedades ya existentes, y no seguir provoc\u00e1ndolas. Dem\u00e1s est\u00e1 decir c\u00f3mo mejoran notablemente<br>su calidad de vida, haci\u00e9ndola mucho m\u00e1s <strong>sana<\/strong><br>en todos sus aspectos.<\/p>\n\n\n\n<p class=\"has-text-align-center has-neve-link-color-color has-text-color\"><br><strong><em>\u201cEl sufrimiento suele ser un acompa\u00f1ante fiel,<br>pero a veces es bueno preguntarse si es el que<br>queremos\u2026\u201d<\/em><\/strong><\/p>\n<\/div>\n\n\n\n<div class=\"wp-block-column is-vertically-aligned-center is-layout-flow\"><div class=\"wp-block-image\">\n<figure class=\"aligncenter size-large is-resized\"><img decoding=\"async\" loading=\"lazy\" src=\"http:\/\/psimonicaduchini.com.ar\/wp-content\/uploads\/2023\/04\/Two-female-friends-talking-and-holding-hands-Convertido-01-1024x819.jpg\" alt=\"\" class=\"wp-image-391\" width=\"568\" height=\"454\" srcset=\"https:\/\/psimonicaduchini.com.ar\/wp-content\/uploads\/2023\/04\/Two-female-friends-talking-and-holding-hands-Convertido-01-1024x819.jpg 1024w, https:\/\/psimonicaduchini.com.ar\/wp-content\/uploads\/2023\/04\/Two-female-friends-talking-and-holding-hands-Convertido-01-300x240.jpg 300w, https:\/\/psimonicaduchini.com.ar\/wp-content\/uploads\/2023\/04\/Two-female-friends-talking-and-holding-hands-Convertido-01-768x614.jpg 768w, https:\/\/psimonicaduchini.com.ar\/wp-content\/uploads\/2023\/04\/Two-female-friends-talking-and-holding-hands-Convertido-01-1536x1229.jpg 1536w, https:\/\/psimonicaduchini.com.ar\/wp-content\/uploads\/2023\/04\/Two-female-friends-talking-and-holding-hands-Convertido-01-2048x1638.jpg 2048w\" sizes=\"(max-width: 568px) 100vw, 568px\" \/><\/figure><\/div>\n\n\n<div style=\"height:65px\" aria-hidden=\"true\" class=\"wp-block-spacer\"><\/div>\n<\/div>\n<\/div>\n\n\n\n<p><\/p>\n\n\n\n<hr class=\"wp-block-separator has-text-color has-alpha-channel-opacity has-background\" style=\"background-color:#d87621;color:#d87621\" id=\"especializaciones\"\/>\n\n\n\n<h2 class=\"wp-block-heading has-text-align-center has-nv-c-1-color has-text-color\">Especializaciones <\/h2>\n\n\n\n<div class=\"wp-block-columns is-layout-flex wp-container-7\">\n<div class=\"wp-block-column is-layout-flow\"><div class=\"wp-block-image icon-style is-style-rounded\">\n<figure class=\"aligncenter size-large is-resized\"><img decoding=\"async\" loading=\"lazy\" src=\"http:\/\/psimonicaduchini.com.ar\/wp-content\/uploads\/2023\/04\/Diseno-sin-titulo-7-1-edited.png\" alt=\"\" class=\"wp-image-464\" width=\"115\" height=\"115\" title=\"\" srcset=\"https:\/\/psimonicaduchini.com.ar\/wp-content\/uploads\/2023\/04\/Diseno-sin-titulo-7-1-edited.png 540w, https:\/\/psimonicaduchini.com.ar\/wp-content\/uploads\/2023\/04\/Diseno-sin-titulo-7-1-edited-300x300.png 300w, https:\/\/psimonicaduchini.com.ar\/wp-content\/uploads\/2023\/04\/Diseno-sin-titulo-7-1-edited-150x150.png 150w\" sizes=\"(max-width: 115px) 100vw, 115px\" \/><\/figure><\/div>\n\n\n<h3 class=\"wp-block-heading has-text-align-center has-nv-c-1-color has-text-color has-medium-font-size\"><strong>Orientaci\u00f3n y <\/strong><br><strong>Tratamiento Cl\u00ednico<\/strong><\/h3>\n\n\n\n<p class=\"has-text-align-center has-nv-c-1-color has-text-color\">Orientaci\u00f3n y Tratamiento Cl\u00ednico<strong> <\/strong>de adolescentes y adultos.<\/p>\n\n\n\n<div style=\"height:20px\" aria-hidden=\"true\" class=\"wp-block-spacer\"><\/div>\n<\/div>\n\n\n\n<div class=\"wp-block-column is-layout-flow\"><div class=\"wp-block-image icon-style is-style-rounded\">\n<figure class=\"aligncenter size-large is-resized\"><img decoding=\"async\" loading=\"lazy\" src=\"http:\/\/psimonicaduchini.com.ar\/wp-content\/uploads\/2023\/04\/Diseno-sin-titulo-8-4-edited.png\" alt=\"\" class=\"wp-image-476\" width=\"127\" height=\"127\" srcset=\"https:\/\/psimonicaduchini.com.ar\/wp-content\/uploads\/2023\/04\/Diseno-sin-titulo-8-4-edited.png 540w, https:\/\/psimonicaduchini.com.ar\/wp-content\/uploads\/2023\/04\/Diseno-sin-titulo-8-4-edited-300x300.png 300w, https:\/\/psimonicaduchini.com.ar\/wp-content\/uploads\/2023\/04\/Diseno-sin-titulo-8-4-edited-150x150.png 150w\" sizes=\"(max-width: 127px) 100vw, 127px\" \/><\/figure><\/div>\n\n\n<h3 class=\"wp-block-heading has-text-align-center has-nv-c-1-color has-text-color has-medium-font-size\"><strong>Neurofisiolog\u00eda y <\/strong><br><strong>Enfermedades psicosom\u00e1ticas<\/strong><\/h3>\n\n\n\n<p class=\"has-text-align-center has-nv-c-1-color has-text-color\">Se producen cuando no manejamos las emociones y enfermamos el cuerpo.<\/p>\n\n\n\n<div style=\"height:20px\" aria-hidden=\"true\" class=\"wp-block-spacer\"><\/div>\n<\/div>\n\n\n\n<div class=\"wp-block-column is-layout-flow\"><div class=\"wp-block-image icon-style is-style-rounded\">\n<figure class=\"aligncenter size-large is-resized\"><img decoding=\"async\" loading=\"lazy\" src=\"http:\/\/psimonicaduchini.com.ar\/wp-content\/uploads\/2023\/04\/Diseno-sin-titulo-6-2-edited.png\" alt=\"\" class=\"wp-image-454\" width=\"121\" height=\"293\"\/><\/figure><\/div>\n\n\n<h3 class=\"wp-block-heading has-text-align-center has-nv-c-1-color has-text-color has-medium-font-size\"><strong>Trastornos de Ansiedad<\/strong><\/h3>\n\n\n\n<p class=\"has-text-align-center has-nv-c-1-color has-text-color\"><strong>P\u00e1nico, fobias y otras<\/strong> sintomatolog\u00edas que se generan cuando no podemos contolar la ansiedad.<\/p>\n\n\n\n<div style=\"height:20px\" aria-hidden=\"true\" class=\"wp-block-spacer\"><\/div>\n<\/div>\n<\/div>\n\n\n\n<div class=\"wp-block-columns is-layout-flex wp-container-11\">\n<div class=\"wp-block-column is-layout-flow\"><div class=\"wp-block-image\">\n<figure class=\"aligncenter size-large is-resized\"><img decoding=\"async\" loading=\"lazy\" src=\"http:\/\/psimonicaduchini.com.ar\/wp-content\/uploads\/2023\/04\/aaaaa-edited.png\" alt=\"\" class=\"wp-image-514\" width=\"116\" height=\"116\" srcset=\"https:\/\/psimonicaduchini.com.ar\/wp-content\/uploads\/2023\/04\/aaaaa-edited.png 540w, https:\/\/psimonicaduchini.com.ar\/wp-content\/uploads\/2023\/04\/aaaaa-edited-300x300.png 300w, https:\/\/psimonicaduchini.com.ar\/wp-content\/uploads\/2023\/04\/aaaaa-edited-150x150.png 150w\" sizes=\"(max-width: 116px) 100vw, 116px\" \/><\/figure><\/div>\n\n\n<h3 class=\"wp-block-heading has-text-align-center has-nv-c-1-color has-text-color\">Superaci\u00f3n de:<\/h3>\n\n\n\n<p class=\"has-text-align-center has-nv-c-1-color has-text-color\">Depresiones. Angustias. Miedos.<br>Inseguridades. Baja autoestima. <br>Poca confianza en s\u00ed misma\/o <br>o hacia los otros.<\/p>\n<\/div>\n\n\n\n<div class=\"wp-block-column is-layout-flow\"><div class=\"wp-block-image\">\n<figure class=\"aligncenter size-large is-resized\"><img decoding=\"async\" loading=\"lazy\" src=\"http:\/\/psimonicaduchini.com.ar\/wp-content\/uploads\/2023\/04\/aa-edited.png\" alt=\"\" class=\"wp-image-515\" width=\"116\" height=\"202\"\/><\/figure><\/div>\n\n\n<h3 class=\"wp-block-heading has-text-align-center has-nv-c-1-color has-text-color\">TRASTORNO NARCICISTA<\/h3>\n\n\n\n<p class=\"has-text-align-center has-nv-c-1-color has-text-color\">Identificaci\u00f3n y tratamiento tanto para la persona <strong>narcicista<\/strong>, como para aquellos que <strong>padecen v\u00ednculos narcicistas<\/strong>. Ambos sufren de distintas maneras.<\/p>\n<\/div>\n\n\n\n<div class=\"wp-block-column is-layout-flow\"><div class=\"wp-block-image\">\n<figure class=\"aligncenter size-large is-resized\"><img decoding=\"async\" loading=\"lazy\" src=\"http:\/\/psimonicaduchini.com.ar\/wp-content\/uploads\/2023\/04\/3-edited.png\" alt=\"\" class=\"wp-image-516\" width=\"120\" height=\"192\"\/><\/figure><\/div>\n\n\n<h3 class=\"wp-block-heading has-text-align-center has-nv-c-1-color has-text-color\">ACOMPA\u00d1AMIENTO Y ELABORACI\u00d3N EN:<\/h3>\n\n\n\n<p class=\"has-text-align-center has-nv-c-1-color has-text-color\">Duelos. Separaciones.<br>Abusos. Problemas de g\u00e9nero<\/p>\n<\/div>\n<\/div>\n\n\n\n<hr class=\"wp-block-separator has-text-color has-neve-link-color-color has-alpha-channel-opacity has-neve-link-color-background-color has-background\"\/>\n\n\n\n<div class=\"wp-block-cover alignfull\" style=\"min-height:434px\"><span aria-hidden=\"true\" class=\"wp-block-cover__background has-nv-site-bg-background-color has-background-dim-100 has-background-dim\"><\/span><div class=\"wp-block-cover__inner-container\">\n<p class=\"has-text-align-center has-neve-link-color-color has-text-color has-large-font-size\" id=\"formas-de-atencion\"><strong>Formas de atenci\u00f3n<\/strong><\/p>\n\n\n<div class=\"wp-block-image\">\n<figure class=\"aligncenter size-large is-resized\"><img decoding=\"async\" loading=\"lazy\" src=\"http:\/\/psimonicaduchini.com.ar\/wp-content\/uploads\/2023\/04\/Recurso-7-1024x482.png\" alt=\"\" class=\"wp-image-427\" width=\"553\" height=\"267\"\/><\/figure><\/div><\/div><\/div>\n\n\n\n<hr class=\"wp-block-separator has-text-color has-neve-link-color-color has-alpha-channel-opacity has-neve-link-color-background-color has-background\"\/>\n\n\n\n<div class=\"wp-block-cover alignfull\" style=\"min-height:453px\"><span aria-hidden=\"true\" class=\"wp-block-cover__background has-neve-link-color-background-color has-background-dim-100 has-background-dim\"><\/span><div class=\"wp-block-cover__inner-container\">\n<div style=\"height:100px\" aria-hidden=\"true\" id=\"preguntas-frecuentes\" class=\"wp-block-spacer\"><\/div>\n\n\n\n<h2 class=\"wp-block-heading has-text-align-center has-nv-site-bg-color has-text-color\"><strong>Preguntas frecuentes:<\/strong><\/h2>\n\n\n\n<div class=\"wp-block-columns is-layout-flex wp-container-14\">\n<div class=\"wp-block-column is-layout-flow\">\n<ul>\n<li><strong>\u00bfCu\u00e1nto duran los tratamientos?<\/strong><br>Es propio de cada persona y depende de cada caso en particular. Despu\u00e9s de las primeras entrevistas se pacta con el consultante la modalidad del tratamiento a seguir.<\/li>\n<\/ul>\n<\/div>\n\n\n\n<div class=\"wp-block-column is-layout-flow\">\n<ul>\n<li><strong>\u00bfCu\u00e1nto duran las sesiones?<\/strong><br>La duraci\u00f3n protocolar es de 50 minutos de reloj . Pero puede variar seg\u00fan el paciente y las circunstancias propias de la sesi\u00f3n.<\/li>\n<\/ul>\n<\/div>\n<\/div>\n\n\n\n<div class=\"wp-block-columns is-layout-flex wp-container-17\">\n<div class=\"wp-block-column is-layout-flow\">\n<ul>\n<li><strong>\u00bfCu\u00e1nto cuestan las sesiones?<\/strong><br>Los honorarios son convenidos con el consultante en <br>la primera entrevista.<\/li>\n<\/ul>\n<\/div>\n\n\n\n<div class=\"wp-block-column is-layout-flow\">\n<ul>\n<li><strong>\u00bfEn qu\u00e9 se especializa?<\/strong><br>Atenci\u00f3n psicol\u00f3gica en adultos, adolescentes. Terapia de pareja. Terapias vinculares de familia, sociales, laborales. Evaluaci\u00f3n y Orientaci\u00f3n a padres.<\/li>\n<\/ul>\n<\/div>\n<\/div>\n<\/div><\/div>\n\n\n\n<div style=\"height:100px\" aria-hidden=\"true\" id=\"sobre-mi\" class=\"wp-block-spacer\"><\/div>\n\n\n\n<h2 class=\"wp-block-heading has-text-align-center has-neve-link-color-color has-text-color\">Sobre mi <\/h2>\n\n\n<div class=\"wp-block-image\">\n<figure class=\"aligncenter size-full is-resized\"><img decoding=\"async\" loading=\"lazy\" src=\"http:\/\/psimonicaduchini.com.ar\/wp-content\/uploads\/2023\/04\/Recurso-1.png\" alt=\"\" class=\"wp-image-519\" width=\"251\" height=\"250\" srcset=\"https:\/\/psimonicaduchini.com.ar\/wp-content\/uploads\/2023\/04\/Recurso-1.png 634w, https:\/\/psimonicaduchini.com.ar\/wp-content\/uploads\/2023\/04\/Recurso-1-300x300.png 300w, https:\/\/psimonicaduchini.com.ar\/wp-content\/uploads\/2023\/04\/Recurso-1-150x150.png 150w\" sizes=\"(max-width: 251px) 100vw, 251px\" \/><\/figure><\/div>\n\n\n<p><\/p>\n\n\n\n<p class=\"has-text-align-center has-nv-c-1-color has-text-color\">Egresada con Diploma de Honor de la <strong>Universidad de Buenos Aires<\/strong>. MN 56650<br>He ejercido la docencia en todos los niveles, incluyendo ayudant\u00edas en el universitario.<br>Formaci\u00f3n en <strong>Neurofisiolog\u00eda<\/strong> y <strong>Enfermedades psicosom\u00e1ticas<\/strong>, y atenci\u00f3n cl\u00ednica <br>en servicios del Hospital Durand. M\u00faltiples formaciones por Extensi\u00f3n Universitaria, INECO, <br>y Otras Instituciones y Fundaciones. He ejercido en Obras Sociales, <br>Consultorios Institucionales. Actualmente ejerzo en Consultorio Privado.<\/p>\n\n\n\n<div style=\"height:100px\" aria-hidden=\"true\" id=\"contacto\" class=\"wp-block-spacer\"><\/div>\n\n\n\n<div class=\"wp-block-cover alignfull\" style=\"min-height:361px\"><span aria-hidden=\"true\" class=\"wp-block-cover__background has-neve-link-hover-color-background-color has-background-dim-100 has-background-dim\"><\/span><div class=\"wp-block-cover__inner-container\">\n<div class=\"wp-block-columns is-layout-flex wp-container-21\">\n<div class=\"wp-block-column is-layout-flow\"><div class=\"wp-block-image\">\n<figure class=\"alignleft size-large\"><img decoding=\"async\" loading=\"lazy\" width=\"1024\" height=\"791\" src=\"http:\/\/psimonicaduchini.com.ar\/wp-content\/uploads\/2023\/04\/logo-moni-blanco-1024x791.png\" alt=\"\" class=\"wp-image-482\" srcset=\"https:\/\/psimonicaduchini.com.ar\/wp-content\/uploads\/2023\/04\/logo-moni-blanco-1024x791.png 1024w, https:\/\/psimonicaduchini.com.ar\/wp-content\/uploads\/2023\/04\/logo-moni-blanco-300x232.png 300w, https:\/\/psimonicaduchini.com.ar\/wp-content\/uploads\/2023\/04\/logo-moni-blanco-768x593.png 768w, https:\/\/psimonicaduchini.com.ar\/wp-content\/uploads\/2023\/04\/logo-moni-blanco.png 1056w\" sizes=\"(max-width: 1024px) 100vw, 1024px\" \/><\/figure><\/div><\/div>\n\n\n\n<div class=\"wp-block-column is-layout-flow\"><\/div>\n\n\n\n<div class=\"wp-block-column is-layout-flow\"><div class=\"wp-block-image\">\n<figure class=\"alignleft size-large\"><img decoding=\"async\" loading=\"lazy\" width=\"1024\" height=\"805\" src=\"http:\/\/psimonicaduchini.com.ar\/wp-content\/uploads\/2023\/04\/Recurso-10-1024x805.png\" alt=\"\" class=\"wp-image-535\" srcset=\"https:\/\/psimonicaduchini.com.ar\/wp-content\/uploads\/2023\/04\/Recurso-10-1024x805.png 1024w, https:\/\/psimonicaduchini.com.ar\/wp-content\/uploads\/2023\/04\/Recurso-10-300x236.png 300w, https:\/\/psimonicaduchini.com.ar\/wp-content\/uploads\/2023\/04\/Recurso-10-768x604.png 768w, https:\/\/psimonicaduchini.com.ar\/wp-content\/uploads\/2023\/04\/Recurso-10.png 1099w\" sizes=\"(max-width: 1024px) 100vw, 1024px\" \/><\/figure><\/div><\/div>\n<\/div>\n<\/div><\/div>\n","protected":false},"excerpt":{"rendered":"<p>Aprender a manejar nuestras emociones permite ir superando, en el tiempo de cada uno, aquellas cuestiones por las que consultamos, como trastornos de ansiedad, estr\u00e9s postraum\u00e1ticos, incertidumbres, inseguridades, depresiones, fobias, y muchas otras que tanta angustia nos provoca. Muchas tienen que ver con nosotros mismos, y otras que padecemos como consecuencia de nuestros v\u00ednculos, sean&hellip;&nbsp;<a href=\"https:\/\/psimonicaduchini.com.ar\/\" class=\"\" rel=\"bookmark\">Read More &raquo;<span class=\"screen-reader-text\">Inicio<\/span><\/a><\/p>\n","protected":false},"author":1,"featured_media":0,"parent":0,"menu_order":0,"comment_status":"closed","ping_status":"closed","template":"","meta":{"neve_meta_sidebar":"default","neve_meta_container":"default","neve_meta_enable_content_width":"on","neve_meta_content_width":100,"neve_meta_title_alignment":"","neve_meta_author_avatar":"","neve_post_elements_order":"","neve_meta_disable_header":"","neve_meta_disable_footer":"","neve_meta_disable_title":"on","_themeisle_gutenberg_block_has_review":false,"_ti_tpc_template_sync":false,"_ti_tpc_template_id":"5udqur826ojgsxrmsxsc"},"_links":{"self":[{"href":"https:\/\/psimonicaduchini.com.ar\/index.php\/wp-json\/wp\/v2\/pages\/308"}],"collection":[{"href":"https:\/\/psimonicaduchini.com.ar\/index.php\/wp-json\/wp\/v2\/pages"}],"about":[{"href":"https:\/\/psimonicaduchini.com.ar\/index.php\/wp-json\/wp\/v2\/types\/page"}],"author":[{"embeddable":true,"href":"https:\/\/psimonicaduchini.com.ar\/index.php\/wp-json\/wp\/v2\/users\/1"}],"replies":[{"embeddable":true,"href":"https:\/\/psimonicaduchini.com.ar\/index.php\/wp-json\/wp\/v2\/comments?post=308"}],"version-history":[{"count":60,"href":"https:\/\/psimonicaduchini.com.ar\/index.php\/wp-json\/wp\/v2\/pages\/308\/revisions"}],"predecessor-version":[{"id":537,"href":"https:\/\/psimonicaduchini.com.ar\/index.php\/wp-json\/wp\/v2\/pages\/308\/revisions\/537"}],"wp:attachment":[{"href":"https:\/\/psimonicaduchini.com.ar\/index.php\/wp-json\/wp\/v2\/media?parent=308"}],"curies":[{"name":"wp","href":"https:\/\/api.w.org\/{rel}","templated":true}]}}